{"id":6051,"date":"2021-09-02T08:33:07","date_gmt":"2021-09-02T06:33:07","guid":{"rendered":"https:\/\/www.zulaufgmbh.ch\/?page_id=6051"},"modified":"2021-09-02T08:33:38","modified_gmt":"2021-09-02T06:33:38","slug":"newsletter","status":"publish","type":"page","link":"https:\/\/www.zulaufgmbh.ch\/en\/newsletter\/","title":{"rendered":"Newsletter"},"content":{"rendered":"\t\t<div data-elementor-type=\"wp-page\" data-elementor-id=\"6051\" class=\"elementor elementor-6051 elementor-5972\" data-elementor-post-type=\"page\">\n\t\t\t\t\t\t<section class=\"elementor-section elementor-top-section elementor-element elementor-element-2fe0e63 elementor-section-full_width elementor-section-height-default elementor-section-height-default\" data-id=\"2fe0e63\" data-element_type=\"section\" data-e-type=\"section\">\n\t\t\t\t\t\t<div class=\"elementor-container elementor-column-gap-default\">\n\t\t\t\t\t<div class=\"elementor-column elementor-col-100 elementor-top-column elementor-element elementor-element-f916a5d\" data-id=\"f916a5d\" data-element_type=\"column\" data-e-type=\"column\">\n\t\t\t<div class=\"elementor-widget-wrap elementor-element-populated\">\n\t\t\t\t\t\t<div class=\"elementor-element elementor-element-1939eea elementor-widget elementor-widget-kp_header\" data-id=\"1939eea\" data-element_type=\"widget\" data-e-type=\"widget\" data-widget_type=\"kp_header.default\">\n\t\t\t\t<div class=\"elementor-widget-container\">\n\t\t\t\t\t        <div class=\"kp-header-widget\">\n            <div class=\"image-section\">\n                <div class=\"overlay\">\n                    <svg xmlns=\"http:\/\/www.w3.org\/2000\/svg\" viewBox=\"0 0 681 681\">\n                        <defs>\n                            <style>.cls-1 {\n                                    fill: #fff;\n                                }<\/style>\n                        <\/defs>\n                        <g id=\"Ebene_2\" data-name=\"Ebene 2\">\n                            <g id=\"Ebene_1-2\" data-name=\"Ebene 1\">\n                                <path class=\"cls-1\"\n                                      d=\"M0,0V681H681V0ZM618,367,367,618A37.52,37.52,0,0,1,314,618L63,367A37.52,37.52,0,0,1,63,314L314,63A37.52,37.52,0,0,1,367,63L618,314A37.52,37.52,0,0,1,618,367Z\"\/>\n                            <\/g>\n                        <\/g>\n                    <\/svg>\n                <\/div>\n                <div class=\"image\" style=\"background-image: url('https:\/\/www.zulaufgmbh.ch\/wp-content\/uploads\/2021\/06\/iStock-1252882988-2.jpg')\"><\/div>\n            <\/div>\n            <div class=\"title-section\">\n                <h1>\n                                            <span class=\"orange\"><\/span><br\/>\n                                        <span class=\"blau\">Newsletter<\/span>\n                <\/h1>\n                                    <div class=\"text-section\">\n\n                        \n                    <\/div>\n                \n                            <\/div>\n\n        <\/div>\n        \t\t\t\t<\/div>\n\t\t\t\t<\/div>\n\t\t\t\t\t<\/div>\n\t\t<\/div>\n\t\t\t\t\t<\/div>\n\t\t<\/section>\n\t\t\t\t<section class=\"elementor-section elementor-top-section elementor-element elementor-element-eb20599 elementor-section-boxed elementor-section-height-default elementor-section-height-default\" data-id=\"eb20599\" data-element_type=\"section\" data-e-type=\"section\">\n\t\t\t\t\t\t<div class=\"elementor-container elementor-column-gap-default\">\n\t\t\t\t\t<div class=\"elementor-column elementor-col-50 elementor-top-column elementor-element elementor-element-bebf7b1\" data-id=\"bebf7b1\" data-element_type=\"column\" data-e-type=\"column\">\n\t\t\t<div class=\"elementor-widget-wrap elementor-element-populated\">\n\t\t\t\t\t\t<div class=\"elementor-element elementor-element-b253e46 elementor-widget elementor-widget-text-editor\" data-id=\"b253e46\" data-element_type=\"widget\" data-e-type=\"widget\" data-widget_type=\"text-editor.default\">\n\t\t\t\t<div class=\"elementor-widget-container\">\n\t\t\t\t\t\t\t\t\t<p>Sign up for my newsletter and you will be notified automatically when new posts are published.<\/p>\t\t\t\t\t\t\t\t<\/div>\n\t\t\t\t<\/div>\n\t\t\t\t\t<\/div>\n\t\t<\/div>\n\t\t\t\t<div class=\"elementor-column elementor-col-50 elementor-top-column elementor-element elementor-element-21c119e\" data-id=\"21c119e\" data-element_type=\"column\" data-e-type=\"column\">\n\t\t\t<div class=\"elementor-widget-wrap elementor-element-populated\">\n\t\t\t\t\t\t<div class=\"elementor-element elementor-element-0f34934 elementor-widget elementor-widget-kp_newsletter\" data-id=\"0f34934\" data-element_type=\"widget\" data-e-type=\"widget\" data-widget_type=\"kp_newsletter.default\">\n\t\t\t\t<div class=\"elementor-widget-container\">\n\t\t\t\t\t    <div class=\"kp-newsletter\">\n              <div class=\"success-message hidden\">\n          <p>\n\t\t\t\t\t\t\t\t\tThank you for your subscription. You have received an Email to confirm it.\t\t\t\t\t\t  <\/p>\n        <\/div>\n        <div class=\"error-message hidden\">\n          <p>\n\t\t\t\t\t\t\t\t\tAn error has occurred. Please try again later.\t\t\t\t\t\t  <\/p>\n        <\/div>\n        <form id=\"newsletter-subscribe-form\">\n            <input type=\"hidden\" name=\"lang\" value=\"en\">\n          <div>\n            <label>\n\t\t\t\t\t\t\t\t\tFirst Name\t\t\t\t *\n\t\t\t <\/label>\n            <input type=\"text\" name=\"first_name\" id=\"first_name\" required>\n          <\/div>\n          <div>\n            <label>\n\t\t\t\t\t\t\t\t\tLast Name\t\t\t\t *\n\t\t\t<\/label>\n            <input type=\"text\" id=\"last_name\" name=\"last_name\" required>\n          <\/div>\n          <div>\n            <label>\n\t\t\t\t\t\t\t\t\tEmail\t\t\t\t *\n\t\t\t<\/label>\n            <input type=\"email\" name=\"email\" id=\"email\" required>\n          <\/div>\n\t\t\t<label style=\"display: flex;\">\n\t\t\t\t<div style=\"\">\n\t\t\t\t\t<input type=\"checkbox\" required><\/div> <div style=\"padding-left: 10px;\">\n\t\t\t\t\n\t\t\t\t\t\t\tOur newsletter is sent and analyzed with the plugin MailPoet by Automattic Inc., 60 29th Street 343, San Francisco, CA 94110, USA. I agree to share my information given above with MailPoet.\n\t\t\t\t\t\t\t<\/div>\n\t\t\t<\/label>\n\t\t\t\n\t\t\t<label style=\"display: flex;\">\n\t\t\t\t<div style=\"\">\n\t\t\t\t\t<input type=\"checkbox\" required><\/div> <div style=\"padding-left: 10px;\">\n\t\t\t\t\n\t\t\t\t\t\t\tI have read and consent to the <a href=\"\/en\/data-protection\/\" target=\"_blank\">data protection<\/a>.\n\t\t\t\t\t\t\t<\/div>\n\t\t\t<\/label>\n          <div class=\"hidden\">\n            <input type=\"hidden\" id=\"list_id\" value=\"4\">\n          <\/div>\n          <div class=\"hidden\">\n            <input type=\"hidden\" id=\"lang\" value=\"en\">\n          <\/div>\n          <div>\n\t\t\t\t\t\t\t\t\t<input type=\"submit\" value=\"Subscribe!\">\n\t\t\t\t          <\/div>\n        <\/form>\n            <\/div>\n    \t\t\t\t<\/div>\n\t\t\t\t<\/div>\n\t\t\t\t\t<\/div>\n\t\t<\/div>\n\t\t\t\t\t<\/div>\n\t\t<\/section>\n\t\t\t\t<\/div>\n\t\t","protected":false},"excerpt":{"rendered":"<p>Newsletter Sign up for my newsletter and you will be notified automatically when new posts are published. Vielen Dank f\u00fcr Ihre Anmeldung. Wir haben Ihnen eine E-Mail zur Best\u00e4tigung Ihrer Anmeldung geschickt. Es ist ein Fehler aufgetreten. Bitte versuchen Sie es sp\u00e4ter noch einmal. Vorname * Nachname * E-Mail *<\/p>\n","protected":false},"author":1,"featured_media":0,"parent":0,"menu_order":0,"comment_status":"closed","ping_status":"closed","template":"","meta":{"_acf_changed":false,"footnotes":""},"class_list":["post-6051","page","type-page","status-publish","hentry"],"acf":[],"yoast_head":"<!-- This site is optimized with the Yoast SEO plugin v27.2 - https:\/\/yoast.com\/product\/yoast-seo-wordpress\/ -->\n<title>Newsletter - Zulauf Consulting &amp; Trading GmbH<\/title>\n<meta name=\"robots\" content=\"index, follow, max-snippet:-1, max-image-preview:large, max-video-preview:-1\" \/>\n<link rel=\"canonical\" href=\"https:\/\/www.zulaufgmbh.ch\/en\/newsletter\/\" \/>\n<meta property=\"og:locale\" content=\"en_US\" \/>\n<meta property=\"og:type\" content=\"article\" \/>\n<meta property=\"og:title\" content=\"Newsletter - Zulauf Consulting &amp; Trading GmbH\" \/>\n<meta property=\"og:description\" content=\"Newsletter Sign up for my newsletter and you will be notified automatically when new posts are published. Vielen Dank f\u00fcr Ihre Anmeldung. Wir haben Ihnen eine E-Mail zur Best\u00e4tigung Ihrer Anmeldung geschickt. Es ist ein Fehler aufgetreten. Bitte versuchen Sie es sp\u00e4ter noch einmal. Vorname * Nachname * E-Mail *\" \/>\n<meta property=\"og:url\" content=\"https:\/\/www.zulaufgmbh.ch\/en\/newsletter\/\" \/>\n<meta property=\"og:site_name\" content=\"Zulauf Consulting &amp; Trading GmbH\" \/>\n<meta property=\"article:modified_time\" content=\"2021-09-02T06:33:38+00:00\" \/>\n<meta property=\"og:image\" content=\"https:\/\/www.zulaufgmbh.ch\/wp-content\/uploads\/2021\/06\/headerbild.jpg\" \/>\n\t<meta property=\"og:image:width\" content=\"1080\" \/>\n\t<meta property=\"og:image:height\" content=\"1080\" \/>\n\t<meta property=\"og:image:type\" content=\"image\/jpeg\" \/>\n<meta name=\"twitter:card\" content=\"summary_large_image\" \/>\n<meta name=\"twitter:label1\" content=\"Est. reading time\" \/>\n\t<meta name=\"twitter:data1\" content=\"1 minute\" \/>\n<script type=\"application\/ld+json\" class=\"yoast-schema-graph\">{\"@context\":\"https:\/\/schema.org\",\"@graph\":[{\"@type\":\"WebPage\",\"@id\":\"https:\/\/www.zulaufgmbh.ch\/en\/newsletter\/\",\"url\":\"https:\/\/www.zulaufgmbh.ch\/en\/newsletter\/\",\"name\":\"Newsletter - Zulauf Consulting &amp; Trading GmbH\",\"isPartOf\":{\"@id\":\"https:\/\/www.zulaufgmbh.ch\/en\/#website\"},\"datePublished\":\"2021-09-02T06:33:07+00:00\",\"dateModified\":\"2021-09-02T06:33:38+00:00\",\"breadcrumb\":{\"@id\":\"https:\/\/www.zulaufgmbh.ch\/en\/newsletter\/#breadcrumb\"},\"inLanguage\":\"en-US\",\"potentialAction\":[{\"@type\":\"ReadAction\",\"target\":[\"https:\/\/www.zulaufgmbh.ch\/en\/newsletter\/\"]}]},{\"@type\":\"BreadcrumbList\",\"@id\":\"https:\/\/www.zulaufgmbh.ch\/en\/newsletter\/#breadcrumb\",\"itemListElement\":[{\"@type\":\"ListItem\",\"position\":1,\"name\":\"Startseite\",\"item\":\"https:\/\/www.zulaufgmbh.ch\/en\/\"},{\"@type\":\"ListItem\",\"position\":2,\"name\":\"Newsletter\"}]},{\"@type\":\"WebSite\",\"@id\":\"https:\/\/www.zulaufgmbh.ch\/en\/#website\",\"url\":\"https:\/\/www.zulaufgmbh.ch\/en\/\",\"name\":\"Zulauf Consulting &amp; Trading GmbH\",\"description\":\"HR &amp; Payroll Beratung\",\"potentialAction\":[{\"@type\":\"SearchAction\",\"target\":{\"@type\":\"EntryPoint\",\"urlTemplate\":\"https:\/\/www.zulaufgmbh.ch\/en\/?s={search_term_string}\"},\"query-input\":{\"@type\":\"PropertyValueSpecification\",\"valueRequired\":true,\"valueName\":\"search_term_string\"}}],\"inLanguage\":\"en-US\"}]}<\/script>\n<!-- \/ Yoast SEO plugin. -->","yoast_head_json":{"title":"Newsletter - Zulauf Consulting &amp; Trading GmbH","robots":{"index":"index","follow":"follow","max-snippet":"max-snippet:-1","max-image-preview":"max-image-preview:large","max-video-preview":"max-video-preview:-1"},"canonical":"https:\/\/www.zulaufgmbh.ch\/en\/newsletter\/","og_locale":"en_US","og_type":"article","og_title":"Newsletter - Zulauf Consulting &amp; Trading GmbH","og_description":"Newsletter Sign up for my newsletter and you will be notified automatically when new posts are published. Vielen Dank f\u00fcr Ihre Anmeldung. Wir haben Ihnen eine E-Mail zur Best\u00e4tigung Ihrer Anmeldung geschickt. Es ist ein Fehler aufgetreten. Bitte versuchen Sie es sp\u00e4ter noch einmal. Vorname * Nachname * E-Mail *","og_url":"https:\/\/www.zulaufgmbh.ch\/en\/newsletter\/","og_site_name":"Zulauf Consulting &amp; Trading GmbH","article_modified_time":"2021-09-02T06:33:38+00:00","og_image":[{"width":1080,"height":1080,"url":"https:\/\/www.zulaufgmbh.ch\/wp-content\/uploads\/2021\/06\/headerbild.jpg","type":"image\/jpeg"}],"twitter_card":"summary_large_image","twitter_misc":{"Est. reading time":"1 minute"},"schema":{"@context":"https:\/\/schema.org","@graph":[{"@type":"WebPage","@id":"https:\/\/www.zulaufgmbh.ch\/en\/newsletter\/","url":"https:\/\/www.zulaufgmbh.ch\/en\/newsletter\/","name":"Newsletter - Zulauf Consulting &amp; Trading GmbH","isPartOf":{"@id":"https:\/\/www.zulaufgmbh.ch\/en\/#website"},"datePublished":"2021-09-02T06:33:07+00:00","dateModified":"2021-09-02T06:33:38+00:00","breadcrumb":{"@id":"https:\/\/www.zulaufgmbh.ch\/en\/newsletter\/#breadcrumb"},"inLanguage":"en-US","potentialAction":[{"@type":"ReadAction","target":["https:\/\/www.zulaufgmbh.ch\/en\/newsletter\/"]}]},{"@type":"BreadcrumbList","@id":"https:\/\/www.zulaufgmbh.ch\/en\/newsletter\/#breadcrumb","itemListElement":[{"@type":"ListItem","position":1,"name":"Startseite","item":"https:\/\/www.zulaufgmbh.ch\/en\/"},{"@type":"ListItem","position":2,"name":"Newsletter"}]},{"@type":"WebSite","@id":"https:\/\/www.zulaufgmbh.ch\/en\/#website","url":"https:\/\/www.zulaufgmbh.ch\/en\/","name":"Zulauf Consulting &amp; Trading GmbH","description":"HR &amp; Payroll Beratung","potentialAction":[{"@type":"SearchAction","target":{"@type":"EntryPoint","urlTemplate":"https:\/\/www.zulaufgmbh.ch\/en\/?s={search_term_string}"},"query-input":{"@type":"PropertyValueSpecification","valueRequired":true,"valueName":"search_term_string"}}],"inLanguage":"en-US"}]}},"_links":{"self":[{"href":"https:\/\/www.zulaufgmbh.ch\/en\/wp-json\/wp\/v2\/pages\/6051","targetHints":{"allow":["GET"]}}],"collection":[{"href":"https:\/\/www.zulaufgmbh.ch\/en\/wp-json\/wp\/v2\/pages"}],"about":[{"href":"https:\/\/www.zulaufgmbh.ch\/en\/wp-json\/wp\/v2\/types\/page"}],"author":[{"embeddable":true,"href":"https:\/\/www.zulaufgmbh.ch\/en\/wp-json\/wp\/v2\/users\/1"}],"replies":[{"embeddable":true,"href":"https:\/\/www.zulaufgmbh.ch\/en\/wp-json\/wp\/v2\/comments?post=6051"}],"version-history":[{"count":5,"href":"https:\/\/www.zulaufgmbh.ch\/en\/wp-json\/wp\/v2\/pages\/6051\/revisions"}],"predecessor-version":[{"id":7054,"href":"https:\/\/www.zulaufgmbh.ch\/en\/wp-json\/wp\/v2\/pages\/6051\/revisions\/7054"}],"wp:attachment":[{"href":"https:\/\/www.zulaufgmbh.ch\/en\/wp-json\/wp\/v2\/media?parent=6051"}],"curies":[{"name":"wp","href":"https:\/\/api.w.org\/{rel}","templated":true}]}}